{"id":540,"date":"2018-12-18T06:30:11","date_gmt":"2018-12-18T06:30:11","guid":{"rendered":"https:\/\/www.ylaios.com\/?page_id=540"},"modified":"2023-01-13T12:44:54","modified_gmt":"2023-01-13T11:44:54","slug":"on-assignment","status":"publish","type":"page","link":"https:\/\/www.ylaios.com\/it\/on-assignment\/","title":{"rendered":"On assignment"},"content":{"rendered":"<p>[et_pb_section fb_built=&#8221;1&#8243; _builder_version=&#8221;4.16&#8243; global_colors_info=&#8221;{}&#8221;][et_pb_row module_class=&#8221; et_pb_row_fullwidth&#8221; _builder_version=&#8221;4.16&#8243; width=&#8221;89%&#8221; width_tablet=&#8221;80%&#8221; width_phone=&#8221;&#8221; width_last_edited=&#8221;on|desktop&#8221; max_width=&#8221;89%&#8221; max_width_tablet=&#8221;80%&#8221; max_width_phone=&#8221;&#8221; max_width_last_edited=&#8221;on|desktop&#8221; custom_padding=&#8221;0|0px|27px|0px|false|false&#8221; make_fullwidth=&#8221;on&#8221; global_colors_info=&#8221;{}&#8221;][et_pb_column type=&#8221;4_4&#8243; _builder_version=&#8221;4.16&#8243; custom_padding=&#8221;|||&#8221; global_colors_info=&#8221;{}&#8221; custom_padding__hover=&#8221;|||&#8221;][et_pb_text _builder_version=&#8221;4.16&#8243; header_font=&#8221;||||||||&#8221; header_text_color=&#8221;#777777&#8243; header_2_font=&#8221;|300||||on|||&#8221; header_2_text_align=&#8221;center&#8221; header_2_font_size=&#8221;29px&#8221; header_2_letter_spacing=&#8221;2px&#8221; global_colors_info=&#8221;{}&#8221;]<\/p>\n<h2 style=\"text-align: center;\">ON ASSIGNMENT<em><\/em><\/h2>\n<h1 style=\"text-align: center;\"><em><img loading=\"lazy\" decoding=\"async\" src=\"https:\/\/www.ylaios.com\/wp-content\/uploads\/2019\/02\/On-assignment_cover_web.jpg\" alt=\"\" class=\"wp-image-1588 alignnone size-full\" width=\"677\" height=\"500\" srcset=\"https:\/\/www.ylaios.com\/wp-content\/uploads\/2019\/02\/On-assignment_cover_web.jpg 950w, https:\/\/www.ylaios.com\/wp-content\/uploads\/2019\/02\/On-assignment_cover_web-300x221.jpg 300w, https:\/\/www.ylaios.com\/wp-content\/uploads\/2019\/02\/On-assignment_cover_web-768x567.jpg 768w\" sizes=\"(max-width: 677px) 100vw, 677px\" \/><\/em><\/h1>\n<p style=\"text-align: justify;\">\u00ab<em>Qualcuno lo ha definito \u2018il mestiere pi\u00f9 bello del mondo\u2019, soprattutto quando il fotografo appartiene alla ristretta cerchia del<\/em> National Geographic<em>. Ho imparato sulla mia pelle che questa definizione \u00e8 vera solo in parte. \u00c8 certamente un lavoro unico e straordinario, ma \u00e8 anche terribilmente difficile. Con questo libro prover\u00f2 a raccontarvi la vita di un fotografo naturalista, a narrarvi, con le parole ma anche attraverso le immagini, la mia vita. Una tappa dopo l\u2019altra: da quei primi passi incerti, eppure cosi\u0300 eccitanti e intensi, che ho compiuto ormai piu\u0300 di vent\u2019anni fa, quando cominciai a vendere le prime fotografie e a scrivere le prime storie, fino al mio ultimo incarico (in inglese chiamato<\/em> assignment,<em> appunto) per il <\/em>Magazine<em>.<\/em>\u00bb<\/p>\n<p style=\"text-align: right;\">Stefano Unterthiner | dalla<em> Prefazione<\/em><\/p>\n<p style=\"text-align: center;\"><em><\/em><\/p>\n<p style=\"text-align: center;\"><em><\/em>Vent\u2019anni &#8216;sul campo&#8217; raccontati con testi personali e una straordinaria selezione di immagini e storie. Un\u2019avvincente testimonianza che ci invita a scoprire il mondo della fotografia, ma anche a riflettere sul nostro rapporto con la natura e le altre specie.<\/p>\n<p style=\"text-align: center;\">\n<div style=\"text-align: center;\"><\/div>\n<p>[\/et_pb_text][\/et_pb_column][\/et_pb_row][et_pb_row column_structure=&#8221;1_4,1_4,1_4,1_4&#8243; module_class=&#8221; et_pb_row_fullwidth&#8221; _builder_version=&#8221;4.16&#8243; width=&#8221;89%&#8221; width_tablet=&#8221;80%&#8221; width_phone=&#8221;&#8221; width_last_edited=&#8221;on|desktop&#8221; max_width=&#8221;89%&#8221; max_width_tablet=&#8221;80%&#8221; max_width_phone=&#8221;&#8221; max_width_last_edited=&#8221;on|desktop&#8221; module_alignment=&#8221;center&#8221; border_color_all=&#8221;#999999&#8243; make_fullwidth=&#8221;on&#8221; global_colors_info=&#8221;{}&#8221;][et_pb_column type=&#8221;1_4&#8243; _builder_version=&#8221;4.16&#8243; custom_padding=&#8221;|||&#8221; global_colors_info=&#8221;{}&#8221; custom_padding__hover=&#8221;|||&#8221;][et_pb_image src=&#8221;https:\/\/www.ylaios.com\/wp-content\/uploads\/2019\/01\/Schermata-2019-01-13-alle-08.01.25.jpg&#8221; title_text=&#8221;Schermata 2019-01-13 alle 08.01.25&#8243; show_in_lightbox=&#8221;on&#8221; align_tablet=&#8221;center&#8221; align_phone=&#8221;&#8221; align_last_edited=&#8221;on|desktop&#8221; _builder_version=&#8221;4.16&#8243; border_width_all=&#8221;1px&#8221; border_color_all=&#8221;#999999&#8243; global_colors_info=&#8221;{}&#8221;][\/et_pb_image][\/et_pb_column][et_pb_column type=&#8221;1_4&#8243; _builder_version=&#8221;4.16&#8243; custom_padding=&#8221;|||&#8221; global_colors_info=&#8221;{}&#8221; custom_padding__hover=&#8221;|||&#8221;][et_pb_image src=&#8221;https:\/\/www.ylaios.com\/wp-content\/uploads\/2019\/01\/Schermata-2019-01-13-alle-08.02.00.jpg&#8221; title_text=&#8221;Schermata 2019-01-13 alle 08.02.00&#8243; show_in_lightbox=&#8221;on&#8221; align_tablet=&#8221;center&#8221; align_phone=&#8221;&#8221; align_last_edited=&#8221;on|desktop&#8221; _builder_version=&#8221;4.16&#8243; border_width_all=&#8221;1px&#8221; border_color_all=&#8221;#999999&#8243; global_colors_info=&#8221;{}&#8221;][\/et_pb_image][\/et_pb_column][et_pb_column type=&#8221;1_4&#8243; _builder_version=&#8221;4.16&#8243; custom_padding=&#8221;|||&#8221; global_colors_info=&#8221;{}&#8221; custom_padding__hover=&#8221;|||&#8221;][et_pb_image src=&#8221;https:\/\/www.ylaios.com\/wp-content\/uploads\/2018\/12\/On_assignment_04.jpg&#8221; title_text=&#8221;On_assignment_04&#8243; show_in_lightbox=&#8221;on&#8221; align_tablet=&#8221;center&#8221; align_phone=&#8221;&#8221; align_last_edited=&#8221;on|desktop&#8221; _builder_version=&#8221;4.16&#8243; border_width_all=&#8221;1px&#8221; border_color_all=&#8221;#999999&#8243; global_colors_info=&#8221;{}&#8221;][\/et_pb_image][\/et_pb_column][et_pb_column type=&#8221;1_4&#8243; _builder_version=&#8221;4.16&#8243; custom_padding=&#8221;|||&#8221; global_colors_info=&#8221;{}&#8221; custom_padding__hover=&#8221;|||&#8221;][et_pb_image src=&#8221;https:\/\/www.ylaios.com\/wp-content\/uploads\/2018\/12\/On_assignment_06.jpg&#8221; title_text=&#8221;On_assignment_06&#8243; show_in_lightbox=&#8221;on&#8221; align_tablet=&#8221;center&#8221; align_phone=&#8221;&#8221; align_last_edited=&#8221;on|desktop&#8221; _builder_version=&#8221;4.16&#8243; border_width_all=&#8221;1px&#8221; border_color_all=&#8221;#999999&#8243; global_colors_info=&#8221;{}&#8221;][\/et_pb_image][\/et_pb_column][\/et_pb_row][et_pb_row module_class=&#8221; et_pb_row_fullwidth&#8221; _builder_version=&#8221;4.16&#8243; width=&#8221;89%&#8221; width_tablet=&#8221;80%&#8221; width_phone=&#8221;&#8221; width_last_edited=&#8221;on|desktop&#8221; max_width=&#8221;89%&#8221; max_width_tablet=&#8221;80%&#8221; max_width_phone=&#8221;&#8221; max_width_last_edited=&#8221;on|desktop&#8221; custom_padding=&#8221;0|0px|27px|0px|false|false&#8221; make_fullwidth=&#8221;on&#8221; global_colors_info=&#8221;{}&#8221;][et_pb_column type=&#8221;4_4&#8243; _builder_version=&#8221;4.16&#8243; custom_padding=&#8221;|||&#8221; global_colors_info=&#8221;{}&#8221; custom_padding__hover=&#8221;|||&#8221;][et_pb_text _builder_version=&#8221;4.19.4&#8243; header_font=&#8221;||||||||&#8221; header_text_color=&#8221;#777777&#8243; header_2_font=&#8221;|300||||on|||&#8221; header_2_text_align=&#8221;center&#8221; header_2_font_size=&#8221;29px&#8221; header_2_letter_spacing=&#8221;2px&#8221; custom_margin=&#8221;||-1px|||&#8221; custom_padding=&#8221;||0px|||&#8221; hover_enabled=&#8221;0&#8243; global_colors_info=&#8221;{}&#8221; sticky_enabled=&#8221;0&#8243;]<\/p>\n<div style=\"text-align: center;\">\n<p>Edizioni Ylaios (2019)<\/p>\n<\/div>\n<div style=\"text-align: center;\">180 pagine<\/div>\n<div style=\"text-align: center;\">132 fotografie a colori<\/div>\n<div style=\"text-align: center;\">Testi e fotografie di Stefano Unterthiner<\/div>\n<div style=\"text-align: center;\">Copertina rigida<\/div>\n<div style=\"text-align: center;\">Formato interno 33&#215;24 cm<\/div>\n<div style=\"text-align: center;\">Stampato su carta FSC<a href=\"http:\/\/it.fsc.org\/\"><\/a><\/div>\n<div style=\"text-align: center;\">In italiano<\/div>\n<div style=\"text-align: center;\">ISBN 978-88-904373-5-9<\/div>\n<div style=\"text-align: center;\"><\/div>\n<div style=\"text-align: center;\"><strong>Prezzo: 42 euro<\/strong> <strong><\/strong>(spese di spedizione in Italia, con corriere: 6 euro)<\/div>\n<div style=\"text-align: center;\">\n<div style=\"text-align: center;\"><\/div>\n<\/div>\n<div style=\"text-align: center;\"><strong>\u00a0<\/strong><\/div>\n<div style=\"text-align: center;\">ACQUISTA la tua copia di <em>ON ASSIGNMENT<\/em><\/div>\n<div style=\"text-align: center;\"><\/div>\n<p>[\/et_pb_text][et_pb_code _builder_version=&#8221;4.19.4&#8243; custom_padding=&#8221;6px|||||&#8221; hover_enabled=&#8221;0&#8243; global_colors_info=&#8221;{}&#8221; sticky_enabled=&#8221;0&#8243;]<div class=\"wpsc_product\"><div class=\"wp_cart_button_wrapper\"><form method=\"post\" class=\"wp-cart-button-form\" action=\"\" style=\"display:inline\" onsubmit=\"return ReadForm(this, true);\" ><input type=\"hidden\" id=\"_wpnonce\" name=\"_wpnonce\" value=\"520be8afb8\" \/><input type=\"hidden\" name=\"_wp_http_referer\" value=\"\/it\/wp-json\/wp\/v2\/pages\/540\" \/><input type=\"submit\" class=\"wspsc_add_cart_submit\" name=\"wspsc_add_cart_submit\" value=\"1 copia e spedizione con CORRIERE | 48 euro\" \/><input type=\"hidden\" name=\"wspsc_product\" value=\"On assignment (con corriere)\" \/><input type=\"hidden\" name=\"price\" value=\"48\" \/><input type=\"hidden\" name=\"shipping\" value=\"0\" \/><input type=\"hidden\" name=\"addcart\" value=\"1\" \/><input type=\"hidden\" name=\"cartLink\" value=\"https:\/\/www.ylaios.com\/it\/wp-json\/wp\/v2\/pages\/540\/\" \/><input type=\"hidden\" name=\"product_tmp\" value=\"On assignment (con corriere)\" \/><input type=\"hidden\" name=\"product_tmp_two\" value=\"On assignment (con corriere)\" \/><input type=\"hidden\" name=\"item_number\" value=\"\" \/><div class=\"wpsc_add_cart_response_div\"><\/div><\/form><\/div><\/div>[\/et_pb_code][\/et_pb_column][\/et_pb_row][\/et_pb_section]<\/p>\n","protected":false},"excerpt":{"rendered":"<p>ON ASSIGNMENT \u00abQualcuno lo ha definito \u2018il mestiere pi\u00f9 bello del mondo\u2019, soprattutto quando il fotografo appartiene alla ristretta cerchia del National Geographic. Ho imparato sulla mia pelle che questa definizione \u00e8 vera solo in parte. \u00c8 certamente un lavoro unico e straordinario, ma \u00e8 anche terribilmente difficile. Con questo libro prover\u00f2 a raccontarvi la [&hellip;]<\/p>\n","protected":false},"author":1,"featured_media":0,"parent":0,"menu_order":0,"comment_status":"closed","ping_status":"closed","template":"","meta":{"_et_pb_use_builder":"on","_et_pb_old_content":"","_et_gb_content_width":"","footnotes":""},"class_list":["post-540","page","type-page","status-publish","hentry"],"yoast_head":"<!-- This site is optimized with the Yoast SEO plugin v27.4 - https:\/\/yoast.com\/product\/yoast-seo-wordpress\/ -->\n<title>On assignment - Ylaios<\/title>\n<meta name=\"robots\" content=\"index, follow, max-snippet:-1, max-image-preview:large, max-video-preview:-1\" \/>\n<link rel=\"canonical\" href=\"https:\/\/www.ylaios.com\/it\/on-assignment\/\" \/>\n<meta property=\"og:locale\" content=\"it_IT\" \/>\n<meta property=\"og:type\" content=\"article\" \/>\n<meta property=\"og:title\" content=\"On assignment - Ylaios\" \/>\n<meta property=\"og:description\" content=\"ON ASSIGNMENT \u00abQualcuno lo ha definito \u2018il mestiere pi\u00f9 bello del mondo\u2019, soprattutto quando il fotografo appartiene alla ristretta cerchia del National Geographic. Ho imparato sulla mia pelle che questa definizione \u00e8 vera solo in parte. \u00c8 certamente un lavoro unico e straordinario, ma \u00e8 anche terribilmente difficile. Con questo libro prover\u00f2 a raccontarvi la [&hellip;]\" \/>\n<meta property=\"og:url\" content=\"https:\/\/www.ylaios.com\/it\/on-assignment\/\" \/>\n<meta property=\"og:site_name\" content=\"Ylaios\" \/>\n<meta property=\"article:modified_time\" content=\"2023-01-13T11:44:54+00:00\" \/>\n<meta property=\"og:image\" content=\"https:\/\/www.ylaios.com\/wp-content\/uploads\/2019\/02\/On-assignment_cover_web.jpg\" \/>\n<meta name=\"twitter:card\" content=\"summary_large_image\" \/>\n<meta name=\"twitter:label1\" content=\"Tempo di lettura stimato\" \/>\n\t<meta name=\"twitter:data1\" content=\"4 minuti\" \/>\n<script type=\"application\/ld+json\" class=\"yoast-schema-graph\">{\"@context\":\"https:\\\/\\\/schema.org\",\"@graph\":[{\"@type\":\"WebPage\",\"@id\":\"https:\\\/\\\/www.ylaios.com\\\/it\\\/on-assignment\\\/\",\"url\":\"https:\\\/\\\/www.ylaios.com\\\/it\\\/on-assignment\\\/\",\"name\":\"On assignment - Ylaios\",\"isPartOf\":{\"@id\":\"https:\\\/\\\/www.ylaios.com\\\/it\\\/#website\"},\"primaryImageOfPage\":{\"@id\":\"https:\\\/\\\/www.ylaios.com\\\/it\\\/on-assignment\\\/#primaryimage\"},\"image\":{\"@id\":\"https:\\\/\\\/www.ylaios.com\\\/it\\\/on-assignment\\\/#primaryimage\"},\"thumbnailUrl\":\"https:\\\/\\\/www.ylaios.com\\\/wp-content\\\/uploads\\\/2019\\\/02\\\/On-assignment_cover_web.jpg\",\"datePublished\":\"2018-12-18T06:30:11+00:00\",\"dateModified\":\"2023-01-13T11:44:54+00:00\",\"breadcrumb\":{\"@id\":\"https:\\\/\\\/www.ylaios.com\\\/it\\\/on-assignment\\\/#breadcrumb\"},\"inLanguage\":\"it-IT\",\"potentialAction\":[{\"@type\":\"ReadAction\",\"target\":[\"https:\\\/\\\/www.ylaios.com\\\/it\\\/on-assignment\\\/\"]}]},{\"@type\":\"ImageObject\",\"inLanguage\":\"it-IT\",\"@id\":\"https:\\\/\\\/www.ylaios.com\\\/it\\\/on-assignment\\\/#primaryimage\",\"url\":\"https:\\\/\\\/www.ylaios.com\\\/wp-content\\\/uploads\\\/2019\\\/02\\\/On-assignment_cover_web.jpg\",\"contentUrl\":\"https:\\\/\\\/www.ylaios.com\\\/wp-content\\\/uploads\\\/2019\\\/02\\\/On-assignment_cover_web.jpg\"},{\"@type\":\"BreadcrumbList\",\"@id\":\"https:\\\/\\\/www.ylaios.com\\\/it\\\/on-assignment\\\/#breadcrumb\",\"itemListElement\":[{\"@type\":\"ListItem\",\"position\":1,\"name\":\"Home\",\"item\":\"https:\\\/\\\/www.ylaios.com\\\/it\\\/\"},{\"@type\":\"ListItem\",\"position\":2,\"name\":\"On assignment\"}]},{\"@type\":\"WebSite\",\"@id\":\"https:\\\/\\\/www.ylaios.com\\\/it\\\/#website\",\"url\":\"https:\\\/\\\/www.ylaios.com\\\/it\\\/\",\"name\":\"Ylaios\",\"description\":\"Ylaios Edizioni\",\"potentialAction\":[{\"@type\":\"SearchAction\",\"target\":{\"@type\":\"EntryPoint\",\"urlTemplate\":\"https:\\\/\\\/www.ylaios.com\\\/it\\\/?s={search_term_string}\"},\"query-input\":{\"@type\":\"PropertyValueSpecification\",\"valueRequired\":true,\"valueName\":\"search_term_string\"}}],\"inLanguage\":\"it-IT\"}]}<\/script>\n<!-- \/ Yoast SEO plugin. -->","yoast_head_json":{"title":"On assignment - Ylaios","robots":{"index":"index","follow":"follow","max-snippet":"max-snippet:-1","max-image-preview":"max-image-preview:large","max-video-preview":"max-video-preview:-1"},"canonical":"https:\/\/www.ylaios.com\/it\/on-assignment\/","og_locale":"it_IT","og_type":"article","og_title":"On assignment - Ylaios","og_description":"ON ASSIGNMENT \u00abQualcuno lo ha definito \u2018il mestiere pi\u00f9 bello del mondo\u2019, soprattutto quando il fotografo appartiene alla ristretta cerchia del National Geographic. Ho imparato sulla mia pelle che questa definizione \u00e8 vera solo in parte. \u00c8 certamente un lavoro unico e straordinario, ma \u00e8 anche terribilmente difficile. Con questo libro prover\u00f2 a raccontarvi la [&hellip;]","og_url":"https:\/\/www.ylaios.com\/it\/on-assignment\/","og_site_name":"Ylaios","article_modified_time":"2023-01-13T11:44:54+00:00","og_image":[{"url":"https:\/\/www.ylaios.com\/wp-content\/uploads\/2019\/02\/On-assignment_cover_web.jpg","type":"","width":"","height":""}],"twitter_card":"summary_large_image","twitter_misc":{"Tempo di lettura stimato":"4 minuti"},"schema":{"@context":"https:\/\/schema.org","@graph":[{"@type":"WebPage","@id":"https:\/\/www.ylaios.com\/it\/on-assignment\/","url":"https:\/\/www.ylaios.com\/it\/on-assignment\/","name":"On assignment - Ylaios","isPartOf":{"@id":"https:\/\/www.ylaios.com\/it\/#website"},"primaryImageOfPage":{"@id":"https:\/\/www.ylaios.com\/it\/on-assignment\/#primaryimage"},"image":{"@id":"https:\/\/www.ylaios.com\/it\/on-assignment\/#primaryimage"},"thumbnailUrl":"https:\/\/www.ylaios.com\/wp-content\/uploads\/2019\/02\/On-assignment_cover_web.jpg","datePublished":"2018-12-18T06:30:11+00:00","dateModified":"2023-01-13T11:44:54+00:00","breadcrumb":{"@id":"https:\/\/www.ylaios.com\/it\/on-assignment\/#breadcrumb"},"inLanguage":"it-IT","potentialAction":[{"@type":"ReadAction","target":["https:\/\/www.ylaios.com\/it\/on-assignment\/"]}]},{"@type":"ImageObject","inLanguage":"it-IT","@id":"https:\/\/www.ylaios.com\/it\/on-assignment\/#primaryimage","url":"https:\/\/www.ylaios.com\/wp-content\/uploads\/2019\/02\/On-assignment_cover_web.jpg","contentUrl":"https:\/\/www.ylaios.com\/wp-content\/uploads\/2019\/02\/On-assignment_cover_web.jpg"},{"@type":"BreadcrumbList","@id":"https:\/\/www.ylaios.com\/it\/on-assignment\/#breadcrumb","itemListElement":[{"@type":"ListItem","position":1,"name":"Home","item":"https:\/\/www.ylaios.com\/it\/"},{"@type":"ListItem","position":2,"name":"On assignment"}]},{"@type":"WebSite","@id":"https:\/\/www.ylaios.com\/it\/#website","url":"https:\/\/www.ylaios.com\/it\/","name":"Ylaios","description":"Ylaios Edizioni","potentialAction":[{"@type":"SearchAction","target":{"@type":"EntryPoint","urlTemplate":"https:\/\/www.ylaios.com\/it\/?s={search_term_string}"},"query-input":{"@type":"PropertyValueSpecification","valueRequired":true,"valueName":"search_term_string"}}],"inLanguage":"it-IT"}]}},"_links":{"self":[{"href":"https:\/\/www.ylaios.com\/it\/wp-json\/wp\/v2\/pages\/540","targetHints":{"allow":["GET"]}}],"collection":[{"href":"https:\/\/www.ylaios.com\/it\/wp-json\/wp\/v2\/pages"}],"about":[{"href":"https:\/\/www.ylaios.com\/it\/wp-json\/wp\/v2\/types\/page"}],"author":[{"embeddable":true,"href":"https:\/\/www.ylaios.com\/it\/wp-json\/wp\/v2\/users\/1"}],"replies":[{"embeddable":true,"href":"https:\/\/www.ylaios.com\/it\/wp-json\/wp\/v2\/comments?post=540"}],"version-history":[{"count":51,"href":"https:\/\/www.ylaios.com\/it\/wp-json\/wp\/v2\/pages\/540\/revisions"}],"predecessor-version":[{"id":3787,"href":"https:\/\/www.ylaios.com\/it\/wp-json\/wp\/v2\/pages\/540\/revisions\/3787"}],"wp:attachment":[{"href":"https:\/\/www.ylaios.com\/it\/wp-json\/wp\/v2\/media?parent=540"}],"curies":[{"name":"wp","href":"https:\/\/api.w.org\/{rel}","templated":true}]}}