{"id":453,"date":"2018-12-17T12:31:02","date_gmt":"2018-12-17T12:31:02","guid":{"rendered":"https:\/\/www.ylaios.com\/?page_id=453"},"modified":"2023-06-30T05:51:48","modified_gmt":"2023-06-30T04:51:48","slug":"il-sentiero-perduto-limited-edition","status":"publish","type":"page","link":"https:\/\/www.ylaios.com\/it\/il-sentiero-perduto-limited-edition\/","title":{"rendered":"Il sentiero perduto Limited Edition"},"content":{"rendered":"<p>[et_pb_section fb_built=&#8221;1&#8243; _builder_version=&#8221;4.16&#8243; global_colors_info=&#8221;{}&#8221;][et_pb_row module_class=&#8221; et_pb_row_fullwidth&#8221; _builder_version=&#8221;4.16&#8243; width=&#8221;89%&#8221; width_tablet=&#8221;80%&#8221; width_last_edited=&#8221;on|desktop&#8221; max_width=&#8221;89%&#8221; max_width_tablet=&#8221;80%&#8221; max_width_last_edited=&#8221;on|desktop&#8221; custom_padding=&#8221;0|0px|27px|0px|false|false&#8221; make_fullwidth=&#8221;on&#8221; global_colors_info=&#8221;{}&#8221; width_phone=&#8221;80%&#8221; max_width_phone=&#8221;80%&#8221;][et_pb_column type=&#8221;4_4&#8243; _builder_version=&#8221;4.16&#8243; custom_padding=&#8221;|||&#8221; global_colors_info=&#8221;{}&#8221; custom_padding__hover=&#8221;|||&#8221;][et_pb_text _builder_version=&#8221;4.16&#8243; header_font=&#8221;||||||||&#8221; header_2_font=&#8221;|300||||on|||&#8221; header_2_text_align=&#8221;center&#8221; header_2_font_size=&#8221;29px&#8221; header_2_letter_spacing=&#8221;2px&#8221; global_colors_info=&#8221;{}&#8221;]<\/p>\n<h2 class=\"et_pb_module_header\" style=\"text-align: center;\">Il sentiero perduto [Limited edition]<\/h2>\n<p style=\"text-align: center;\"><img loading=\"lazy\" decoding=\"async\" class=\"wp-image-212 alignnone size-full\" src=\"https:\/\/www.ylaios.com\/wp-content\/uploads\/2018\/12\/Cover_sentiero_limited.jpg\" alt=\"\" width=\"500\" height=\"500\" srcset=\"https:\/\/www.ylaios.com\/wp-content\/uploads\/2018\/12\/Cover_sentiero_limited.jpg 950w, https:\/\/www.ylaios.com\/wp-content\/uploads\/2018\/12\/Cover_sentiero_limited-150x150.jpg 150w, https:\/\/www.ylaios.com\/wp-content\/uploads\/2018\/12\/Cover_sentiero_limited-300x300.jpg 300w, https:\/\/www.ylaios.com\/wp-content\/uploads\/2018\/12\/Cover_sentiero_limited-768x768.jpg 768w\" sizes=\"(max-width: 500px) 100vw, 500px\" \/><\/p>\n<p style=\"text-align: center;\">Una preziosa e imperdibile edizione dell&#8217;ultimo grande libro fotografico di Stefano Unterthiner. Il sentiero perduto Limited Edition, \u00e8 realizzato in 100 copie numerate e firmate dall&#8217;autore. Al volume \u00e8 allegata la stampa fine art &#8216;Mrs and Mr fox&#8217; a tiratura limitata e certificata Digigraphie. Il cofanetto contenitore \u00e8 prodotto a mano in Italia.<\/p>\n<p>[\/et_pb_text][\/et_pb_column][\/et_pb_row][et_pb_row module_class=&#8221; et_pb_row_fullwidth&#8221; _builder_version=&#8221;4.16&#8243; width=&#8221;89%&#8221; width_tablet=&#8221;80%&#8221; width_last_edited=&#8221;on|desktop&#8221; max_width=&#8221;89%&#8221; max_width_tablet=&#8221;80%&#8221; max_width_last_edited=&#8221;on|desktop&#8221; module_alignment=&#8221;center&#8221; make_fullwidth=&#8221;on&#8221; global_colors_info=&#8221;{}&#8221; column_structure=&#8221;1_3,1_3,1_3&#8243; width_phone=&#8221;80%&#8221; max_width_phone=&#8221;80%&#8221;][et_pb_column type=&#8221;1_3&#8243; _builder_version=&#8221;4.16&#8243; custom_padding=&#8221;|||&#8221; global_colors_info=&#8221;{}&#8221; custom_padding__hover=&#8221;|||&#8221;][et_pb_image src=&#8221;https:\/\/www.ylaios.com\/wp-content\/uploads\/2018\/12\/Limited_01.jpg&#8221; show_in_lightbox=&#8221;on&#8221; align_tablet=&#8221;center&#8221; align_last_edited=&#8221;on|desktop&#8221; _builder_version=&#8221;4.16&#8243; global_colors_info=&#8221;{}&#8221; align_phone=&#8221;center&#8221;][\/et_pb_image][\/et_pb_column][et_pb_column type=&#8221;1_3&#8243; _builder_version=&#8221;4.16&#8243; custom_padding=&#8221;|||&#8221; global_colors_info=&#8221;{}&#8221; custom_padding__hover=&#8221;|||&#8221;][et_pb_image src=&#8221;https:\/\/www.ylaios.com\/wp-content\/uploads\/2018\/12\/Limited_02b.jpg&#8221; show_in_lightbox=&#8221;on&#8221; align_tablet=&#8221;center&#8221; align_last_edited=&#8221;on|desktop&#8221; _builder_version=&#8221;4.16&#8243; global_colors_info=&#8221;{}&#8221; align_phone=&#8221;center&#8221;][\/et_pb_image][\/et_pb_column][et_pb_column type=&#8221;1_3&#8243; _builder_version=&#8221;4.16&#8243; custom_padding=&#8221;|||&#8221; global_colors_info=&#8221;{}&#8221; custom_padding__hover=&#8221;|||&#8221;][et_pb_image src=&#8221;https:\/\/www.ylaios.com\/wp-content\/uploads\/2018\/12\/Limited_03.jpg&#8221; show_in_lightbox=&#8221;on&#8221; align_tablet=&#8221;center&#8221; align_last_edited=&#8221;on|desktop&#8221; _builder_version=&#8221;4.16&#8243; global_colors_info=&#8221;{}&#8221; align_phone=&#8221;center&#8221;][\/et_pb_image][\/et_pb_column][\/et_pb_row][et_pb_row module_class=&#8221; et_pb_row_fullwidth&#8221; _builder_version=&#8221;4.16&#8243; width=&#8221;89%&#8221; width_tablet=&#8221;80%&#8221; width_last_edited=&#8221;on|desktop&#8221; max_width=&#8221;89%&#8221; max_width_tablet=&#8221;80%&#8221; max_width_last_edited=&#8221;on|desktop&#8221; custom_padding=&#8221;0|0px|27px|0px|false|false&#8221; make_fullwidth=&#8221;on&#8221; global_colors_info=&#8221;{}&#8221; width_phone=&#8221;80%&#8221; max_width_phone=&#8221;80%&#8221;][et_pb_column type=&#8221;4_4&#8243; _builder_version=&#8221;4.16&#8243; custom_padding=&#8221;|||&#8221; global_colors_info=&#8221;{}&#8221; custom_padding__hover=&#8221;|||&#8221;][et_pb_text _builder_version=&#8221;4.16&#8243; header_font=&#8221;||||||||&#8221; header_2_font=&#8221;|300||||on|||&#8221; header_2_text_align=&#8221;center&#8221; header_2_font_size=&#8221;29px&#8221; header_2_letter_spacing=&#8221;2px&#8221; global_colors_info=&#8221;{}&#8221;]<\/p>\n<p style=\"text-align: center;\">Edizioni Ylaios (2015)<br \/> 160 pagine<br \/> 95 fotografie a colori<br \/> Stampa <em>Digigraphie<\/em> (29&#215;29 cm) inclusa nel cofanetto<br \/> Testi e fotografie di Stefano Unterthiner<br \/> Copertina rigida<br \/> Formato interno 28,5&#215;28,5 cm<br \/> Stampato su carta certificata FSC<br \/> In italiano<br \/> ISBN 978-88-904373-4-2<br \/> <strong>Prezzo: 180 euro <\/strong>(la spedizione con corriere \u00e8 gratuita)<\/p>\n<p style=\"text-align: center;\"><strong><br \/> <\/strong>ACQUISTA il cofanetto de <em>Il sentiero perduto Limited Edition<\/em><\/p>\n<p>[\/et_pb_text][et_pb_code _builder_version=&#8221;4.21.0&#8243; hover_enabled=&#8221;0&#8243; global_colors_info=&#8221;{}&#8221; sticky_enabled=&#8221;0&#8243;]<div class=\"wpsc_product\"><div class=\"wp_cart_button_wrapper\"><form method=\"post\" class=\"wp-cart-button-form\" action=\"\" style=\"display:inline\" onsubmit=\"return ReadForm(this, true);\" ><input type=\"hidden\" id=\"_wpnonce\" name=\"_wpnonce\" value=\"a668911c26\" \/><input type=\"hidden\" name=\"_wp_http_referer\" value=\"\/it\/wp-json\/wp\/v2\/pages\/453\" \/><input type=\"submit\" class=\"wspsc_add_cart_submit\" name=\"wspsc_add_cart_submit\" value=\"1 copia | 180 euro\" \/><input type=\"hidden\" name=\"wspsc_product\" value=\"Il sentiero perduto Limited Edition\" \/><input type=\"hidden\" name=\"price\" value=\"180\" \/><input type=\"hidden\" name=\"shipping\" value=\"0\" \/><input type=\"hidden\" name=\"addcart\" value=\"1\" \/><input type=\"hidden\" name=\"cartLink\" value=\"https:\/\/www.ylaios.com\/it\/wp-json\/wp\/v2\/pages\/453\/\" \/><input type=\"hidden\" name=\"product_tmp\" value=\"Il sentiero perduto Limited Edition\" \/><input type=\"hidden\" name=\"product_tmp_two\" value=\"Il sentiero perduto Limited Edition\" \/><input type=\"hidden\" name=\"item_number\" value=\"\" \/><div class=\"wpsc_add_cart_response_div\"><\/div><\/form><\/div><\/div>[\/et_pb_code][\/et_pb_column][\/et_pb_row][\/et_pb_section]<\/p>\n","protected":false},"excerpt":{"rendered":"<p>Il sentiero perduto [Limited edition] Una preziosa e imperdibile edizione dell&#8217;ultimo grande libro fotografico di Stefano Unterthiner. Il sentiero perduto Limited Edition, \u00e8 realizzato in 100 copie numerate e firmate dall&#8217;autore. Al volume \u00e8 allegata la stampa fine art &#8216;Mrs and Mr fox&#8217; a tiratura limitata e certificata Digigraphie. Il cofanetto contenitore \u00e8 prodotto a [&hellip;]<\/p>\n","protected":false},"author":1,"featured_media":0,"parent":0,"menu_order":0,"comment_status":"closed","ping_status":"closed","template":"","meta":{"_et_pb_use_builder":"on","_et_pb_old_content":"","_et_gb_content_width":"","footnotes":""},"class_list":["post-453","page","type-page","status-publish","hentry"],"yoast_head":"<!-- This site is optimized with the Yoast SEO plugin v27.5 - https:\/\/yoast.com\/product\/yoast-seo-wordpress\/ -->\n<title>Il sentiero perduto Limited Edition - Ylaios<\/title>\n<meta name=\"robots\" content=\"index, follow, max-snippet:-1, max-image-preview:large, max-video-preview:-1\" \/>\n<link rel=\"canonical\" href=\"https:\/\/www.ylaios.com\/it\/il-sentiero-perduto-limited-edition\/\" \/>\n<meta property=\"og:locale\" content=\"it_IT\" \/>\n<meta property=\"og:type\" content=\"article\" \/>\n<meta property=\"og:title\" content=\"Il sentiero perduto Limited Edition - Ylaios\" \/>\n<meta property=\"og:description\" content=\"Il sentiero perduto [Limited edition] Una preziosa e imperdibile edizione dell&#039;ultimo grande libro fotografico di Stefano Unterthiner. Il sentiero perduto Limited Edition, \u00e8 realizzato in 100 copie numerate e firmate dall&#039;autore. Al volume \u00e8 allegata la stampa fine art &#039;Mrs and Mr fox&#039; a tiratura limitata e certificata Digigraphie. Il cofanetto contenitore \u00e8 prodotto a [&hellip;]\" \/>\n<meta property=\"og:url\" content=\"https:\/\/www.ylaios.com\/it\/il-sentiero-perduto-limited-edition\/\" \/>\n<meta property=\"og:site_name\" content=\"Ylaios\" \/>\n<meta property=\"article:modified_time\" content=\"2023-06-30T04:51:48+00:00\" \/>\n<meta property=\"og:image\" content=\"https:\/\/www.ylaios.com\/wp-content\/uploads\/2018\/12\/Cover_sentiero_limited.jpg\" \/>\n<meta name=\"twitter:card\" content=\"summary_large_image\" \/>\n<meta name=\"twitter:label1\" content=\"Tempo di lettura stimato\" \/>\n\t<meta name=\"twitter:data1\" content=\"3 minuti\" \/>\n<script type=\"application\/ld+json\" class=\"yoast-schema-graph\">{\"@context\":\"https:\\\/\\\/schema.org\",\"@graph\":[{\"@type\":\"WebPage\",\"@id\":\"https:\\\/\\\/www.ylaios.com\\\/it\\\/il-sentiero-perduto-limited-edition\\\/\",\"url\":\"https:\\\/\\\/www.ylaios.com\\\/it\\\/il-sentiero-perduto-limited-edition\\\/\",\"name\":\"Il sentiero perduto Limited Edition - Ylaios\",\"isPartOf\":{\"@id\":\"https:\\\/\\\/www.ylaios.com\\\/it\\\/#website\"},\"primaryImageOfPage\":{\"@id\":\"https:\\\/\\\/www.ylaios.com\\\/it\\\/il-sentiero-perduto-limited-edition\\\/#primaryimage\"},\"image\":{\"@id\":\"https:\\\/\\\/www.ylaios.com\\\/it\\\/il-sentiero-perduto-limited-edition\\\/#primaryimage\"},\"thumbnailUrl\":\"https:\\\/\\\/www.ylaios.com\\\/wp-content\\\/uploads\\\/2018\\\/12\\\/Cover_sentiero_limited.jpg\",\"datePublished\":\"2018-12-17T12:31:02+00:00\",\"dateModified\":\"2023-06-30T04:51:48+00:00\",\"breadcrumb\":{\"@id\":\"https:\\\/\\\/www.ylaios.com\\\/it\\\/il-sentiero-perduto-limited-edition\\\/#breadcrumb\"},\"inLanguage\":\"it-IT\",\"potentialAction\":[{\"@type\":\"ReadAction\",\"target\":[\"https:\\\/\\\/www.ylaios.com\\\/it\\\/il-sentiero-perduto-limited-edition\\\/\"]}]},{\"@type\":\"ImageObject\",\"inLanguage\":\"it-IT\",\"@id\":\"https:\\\/\\\/www.ylaios.com\\\/it\\\/il-sentiero-perduto-limited-edition\\\/#primaryimage\",\"url\":\"https:\\\/\\\/www.ylaios.com\\\/wp-content\\\/uploads\\\/2018\\\/12\\\/Cover_sentiero_limited.jpg\",\"contentUrl\":\"https:\\\/\\\/www.ylaios.com\\\/wp-content\\\/uploads\\\/2018\\\/12\\\/Cover_sentiero_limited.jpg\"},{\"@type\":\"BreadcrumbList\",\"@id\":\"https:\\\/\\\/www.ylaios.com\\\/it\\\/il-sentiero-perduto-limited-edition\\\/#breadcrumb\",\"itemListElement\":[{\"@type\":\"ListItem\",\"position\":1,\"name\":\"Home\",\"item\":\"https:\\\/\\\/www.ylaios.com\\\/it\\\/\"},{\"@type\":\"ListItem\",\"position\":2,\"name\":\"Il sentiero perduto Limited Edition\"}]},{\"@type\":\"WebSite\",\"@id\":\"https:\\\/\\\/www.ylaios.com\\\/it\\\/#website\",\"url\":\"https:\\\/\\\/www.ylaios.com\\\/it\\\/\",\"name\":\"Ylaios\",\"description\":\"Ylaios Edizioni\",\"potentialAction\":[{\"@type\":\"SearchAction\",\"target\":{\"@type\":\"EntryPoint\",\"urlTemplate\":\"https:\\\/\\\/www.ylaios.com\\\/it\\\/?s={search_term_string}\"},\"query-input\":{\"@type\":\"PropertyValueSpecification\",\"valueRequired\":true,\"valueName\":\"search_term_string\"}}],\"inLanguage\":\"it-IT\"}]}<\/script>\n<!-- \/ Yoast SEO plugin. -->","yoast_head_json":{"title":"Il sentiero perduto Limited Edition - Ylaios","robots":{"index":"index","follow":"follow","max-snippet":"max-snippet:-1","max-image-preview":"max-image-preview:large","max-video-preview":"max-video-preview:-1"},"canonical":"https:\/\/www.ylaios.com\/it\/il-sentiero-perduto-limited-edition\/","og_locale":"it_IT","og_type":"article","og_title":"Il sentiero perduto Limited Edition - Ylaios","og_description":"Il sentiero perduto [Limited edition] Una preziosa e imperdibile edizione dell'ultimo grande libro fotografico di Stefano Unterthiner. Il sentiero perduto Limited Edition, \u00e8 realizzato in 100 copie numerate e firmate dall'autore. Al volume \u00e8 allegata la stampa fine art 'Mrs and Mr fox' a tiratura limitata e certificata Digigraphie. Il cofanetto contenitore \u00e8 prodotto a [&hellip;]","og_url":"https:\/\/www.ylaios.com\/it\/il-sentiero-perduto-limited-edition\/","og_site_name":"Ylaios","article_modified_time":"2023-06-30T04:51:48+00:00","og_image":[{"url":"https:\/\/www.ylaios.com\/wp-content\/uploads\/2018\/12\/Cover_sentiero_limited.jpg","type":"","width":"","height":""}],"twitter_card":"summary_large_image","twitter_misc":{"Tempo di lettura stimato":"3 minuti"},"schema":{"@context":"https:\/\/schema.org","@graph":[{"@type":"WebPage","@id":"https:\/\/www.ylaios.com\/it\/il-sentiero-perduto-limited-edition\/","url":"https:\/\/www.ylaios.com\/it\/il-sentiero-perduto-limited-edition\/","name":"Il sentiero perduto Limited Edition - Ylaios","isPartOf":{"@id":"https:\/\/www.ylaios.com\/it\/#website"},"primaryImageOfPage":{"@id":"https:\/\/www.ylaios.com\/it\/il-sentiero-perduto-limited-edition\/#primaryimage"},"image":{"@id":"https:\/\/www.ylaios.com\/it\/il-sentiero-perduto-limited-edition\/#primaryimage"},"thumbnailUrl":"https:\/\/www.ylaios.com\/wp-content\/uploads\/2018\/12\/Cover_sentiero_limited.jpg","datePublished":"2018-12-17T12:31:02+00:00","dateModified":"2023-06-30T04:51:48+00:00","breadcrumb":{"@id":"https:\/\/www.ylaios.com\/it\/il-sentiero-perduto-limited-edition\/#breadcrumb"},"inLanguage":"it-IT","potentialAction":[{"@type":"ReadAction","target":["https:\/\/www.ylaios.com\/it\/il-sentiero-perduto-limited-edition\/"]}]},{"@type":"ImageObject","inLanguage":"it-IT","@id":"https:\/\/www.ylaios.com\/it\/il-sentiero-perduto-limited-edition\/#primaryimage","url":"https:\/\/www.ylaios.com\/wp-content\/uploads\/2018\/12\/Cover_sentiero_limited.jpg","contentUrl":"https:\/\/www.ylaios.com\/wp-content\/uploads\/2018\/12\/Cover_sentiero_limited.jpg"},{"@type":"BreadcrumbList","@id":"https:\/\/www.ylaios.com\/it\/il-sentiero-perduto-limited-edition\/#breadcrumb","itemListElement":[{"@type":"ListItem","position":1,"name":"Home","item":"https:\/\/www.ylaios.com\/it\/"},{"@type":"ListItem","position":2,"name":"Il sentiero perduto Limited Edition"}]},{"@type":"WebSite","@id":"https:\/\/www.ylaios.com\/it\/#website","url":"https:\/\/www.ylaios.com\/it\/","name":"Ylaios","description":"Ylaios Edizioni","potentialAction":[{"@type":"SearchAction","target":{"@type":"EntryPoint","urlTemplate":"https:\/\/www.ylaios.com\/it\/?s={search_term_string}"},"query-input":{"@type":"PropertyValueSpecification","valueRequired":true,"valueName":"search_term_string"}}],"inLanguage":"it-IT"}]}},"_links":{"self":[{"href":"https:\/\/www.ylaios.com\/it\/wp-json\/wp\/v2\/pages\/453","targetHints":{"allow":["GET"]}}],"collection":[{"href":"https:\/\/www.ylaios.com\/it\/wp-json\/wp\/v2\/pages"}],"about":[{"href":"https:\/\/www.ylaios.com\/it\/wp-json\/wp\/v2\/types\/page"}],"author":[{"embeddable":true,"href":"https:\/\/www.ylaios.com\/it\/wp-json\/wp\/v2\/users\/1"}],"replies":[{"embeddable":true,"href":"https:\/\/www.ylaios.com\/it\/wp-json\/wp\/v2\/comments?post=453"}],"version-history":[{"count":15,"href":"https:\/\/www.ylaios.com\/it\/wp-json\/wp\/v2\/pages\/453\/revisions"}],"predecessor-version":[{"id":3205,"href":"https:\/\/www.ylaios.com\/it\/wp-json\/wp\/v2\/pages\/453\/revisions\/3205"}],"wp:attachment":[{"href":"https:\/\/www.ylaios.com\/it\/wp-json\/wp\/v2\/media?parent=453"}],"curies":[{"name":"wp","href":"https:\/\/api.w.org\/{rel}","templated":true}]}}