{"id":2384,"date":"2021-04-28T17:41:24","date_gmt":"2021-04-28T16:41:24","guid":{"rendered":"https:\/\/www.ylaios.com\/?page_id=2384"},"modified":"2025-10-18T07:01:02","modified_gmt":"2025-10-18T06:01:02","slug":"un-mondo-diverso-limited-edition","status":"publish","type":"page","link":"https:\/\/www.ylaios.com\/it\/un-mondo-diverso-limited-edition\/","title":{"rendered":"Un mondo diverso Limited Edition"},"content":{"rendered":"<p>[et_pb_section fb_built=&#8221;1&#8243; _builder_version=&#8221;4.16&#8243; global_colors_info=&#8221;{}&#8221;][et_pb_row module_class=&#8221; et_pb_row_fullwidth&#8221; _builder_version=&#8221;4.16&#8243; width=&#8221;89%&#8221; width_tablet=&#8221;80%&#8221; width_phone=&#8221;&#8221; width_last_edited=&#8221;on|desktop&#8221; max_width=&#8221;89%&#8221; max_width_tablet=&#8221;80%&#8221; max_width_phone=&#8221;&#8221; max_width_last_edited=&#8221;on|desktop&#8221; custom_padding=&#8221;0|0px|27px|0px|false|false&#8221; make_fullwidth=&#8221;on&#8221; global_colors_info=&#8221;{}&#8221;][et_pb_column type=&#8221;4_4&#8243; _builder_version=&#8221;4.16&#8243; custom_padding=&#8221;|||&#8221; global_colors_info=&#8221;{}&#8221; custom_padding__hover=&#8221;|||&#8221;][et_pb_text _builder_version=&#8221;4.27.4&#8243; header_font=&#8221;||||||||&#8221; header_2_font=&#8221;|300||||on|||&#8221; header_2_text_align=&#8221;center&#8221; header_2_font_size=&#8221;29px&#8221; header_2_letter_spacing=&#8221;2px&#8221; global_colors_info=&#8221;{}&#8221;]<\/p>\n<h2 class=\"et_pb_module_header\" style=\"text-align: center;\">Un mondo diverso [Limited edition]<\/h2>\n<p style=\"text-align: center;\"><img loading=\"lazy\" decoding=\"async\" src=\"https:\/\/www.ylaios.com\/wp-content\/uploads\/2021\/05\/Jacket_Limited-Edition_950px.jpg\" alt=\"\" class=\"wp-image-2542 alignnone size-full\" width=\"500\" height=\"490\" srcset=\"https:\/\/www.ylaios.com\/wp-content\/uploads\/2021\/05\/Jacket_Limited-Edition_950px.jpg 500w, https:\/\/www.ylaios.com\/wp-content\/uploads\/2021\/05\/Jacket_Limited-Edition_950px-480x471.jpg 480w\" sizes=\"(min-width: 0px) and (max-width: 480px) 480px, (min-width: 481px) 500px, 100vw\" \/><\/p>\n<p style=\"text-align: center;\">Una preziosa e imperdibile edizione dell&#8217;ultimo grande libro fotografico di Stefano Unterthiner.<\/p>\n<p style=\"text-align: center;\">Un <em>Mondo Diverso Limited Edition <\/em>\u00e8 realizzata in 100 copie numerate e firmate da <span style=\"text-decoration: underline;\">tutta<\/span> la <em>famiglia<\/em> <em>nell&#8217;Artico<\/em> (Stefano, St\u00e9phanie, R\u00e9mi e Bahia). Al volume \u00e8 allegata la stampa <em>fine art<\/em> &#8220;La leggerezza delle sterne&#8221; a tiratura limitata e certificata <em>Digigraphie<\/em>. Il cofanetto contenitore \u00e8 prodotto a mano in Italia.<\/p>\n<p>[\/et_pb_text][\/et_pb_column][\/et_pb_row][et_pb_row column_structure=&#8221;1_3,1_3,1_3&#8243; module_class=&#8221; et_pb_row_fullwidth&#8221; _builder_version=&#8221;4.16&#8243; width=&#8221;89%&#8221; width_tablet=&#8221;80%&#8221; width_phone=&#8221;&#8221; width_last_edited=&#8221;on|desktop&#8221; max_width=&#8221;89%&#8221; max_width_tablet=&#8221;80%&#8221; max_width_phone=&#8221;&#8221; max_width_last_edited=&#8221;on|desktop&#8221; module_alignment=&#8221;center&#8221; make_fullwidth=&#8221;on&#8221; locked=&#8221;off&#8221; global_colors_info=&#8221;{}&#8221;][et_pb_column type=&#8221;1_3&#8243; _builder_version=&#8221;4.16&#8243; custom_padding=&#8221;|||&#8221; global_colors_info=&#8221;{}&#8221; custom_padding__hover=&#8221;|||&#8221;][et_pb_image src=&#8221;https:\/\/www.ylaios.com\/wp-content\/uploads\/2021\/04\/SUN-2019-08-15-073521-5.jpg&#8221; title_text=&#8221;SUN-2019-08-15-073521-5&#8243; show_in_lightbox=&#8221;on&#8221; align=&#8221;center&#8221; align_tablet=&#8221;center&#8221; align_phone=&#8221;&#8221; align_last_edited=&#8221;on|desktop&#8221; _builder_version=&#8221;4.16&#8243; custom_margin=&#8221;||10px|||&#8221; custom_padding=&#8221;||0px|||&#8221; global_colors_info=&#8221;{}&#8221;][\/et_pb_image][et_pb_text _builder_version=&#8221;4.16&#8243; _module_preset=&#8221;default&#8221; header_6_font_size=&#8221;11px&#8221; global_colors_info=&#8221;{}&#8221;]<\/p>\n<h6 style=\"text-align: center;\">&#8220;La leggerezza delle sterne&#8221; (Svalbard, 2018. Stefano Unterthiner)<\/h6>\n<p>[\/et_pb_text][\/et_pb_column][et_pb_column type=&#8221;1_3&#8243; _builder_version=&#8221;4.16&#8243; custom_padding=&#8221;|||&#8221; global_colors_info=&#8221;{}&#8221; custom_padding__hover=&#8221;|||&#8221;][et_pb_image src=&#8221;https:\/\/www.ylaios.com\/wp-content\/uploads\/2021\/05\/IMG_2360-3.jpg&#8221; title_text=&#8221;IMG_2360&#8243; show_in_lightbox=&#8221;on&#8221; align=&#8221;center&#8221; align_tablet=&#8221;center&#8221; align_phone=&#8221;&#8221; align_last_edited=&#8221;on|desktop&#8221; _builder_version=&#8221;4.16&#8243; module_alignment=&#8221;left&#8221; custom_margin=&#8221;||10px|||&#8221; custom_padding=&#8221;||0px|||&#8221; global_colors_info=&#8221;{}&#8221;][\/et_pb_image][\/et_pb_column][et_pb_column type=&#8221;1_3&#8243; _builder_version=&#8221;4.16&#8243; custom_padding=&#8221;|||&#8221; global_colors_info=&#8221;{}&#8221; custom_padding__hover=&#8221;|||&#8221;][et_pb_image src=&#8221;https:\/\/www.ylaios.com\/wp-content\/uploads\/2021\/05\/IMG_2377-3.jpg&#8221; title_text=&#8221;IMG_2377&#8243; show_in_lightbox=&#8221;on&#8221; align=&#8221;center&#8221; align_tablet=&#8221;center&#8221; align_phone=&#8221;&#8221; align_last_edited=&#8221;on|desktop&#8221; _builder_version=&#8221;4.16&#8243; custom_margin=&#8221;||10px|||&#8221; custom_padding=&#8221;||0px|||&#8221; global_colors_info=&#8221;{}&#8221;][\/et_pb_image][\/et_pb_column][\/et_pb_row][et_pb_row module_class=&#8221; et_pb_row_fullwidth&#8221; _builder_version=&#8221;4.16&#8243; width=&#8221;89%&#8221; width_tablet=&#8221;80%&#8221; width_phone=&#8221;&#8221; width_last_edited=&#8221;on|desktop&#8221; max_width=&#8221;89%&#8221; max_width_tablet=&#8221;80%&#8221; max_width_phone=&#8221;&#8221; max_width_last_edited=&#8221;on|desktop&#8221; custom_padding=&#8221;0|0px|27px|0px|false|false&#8221; make_fullwidth=&#8221;on&#8221; global_colors_info=&#8221;{}&#8221;][et_pb_column type=&#8221;4_4&#8243; _builder_version=&#8221;4.16&#8243; custom_padding=&#8221;|||&#8221; global_colors_info=&#8221;{}&#8221; custom_padding__hover=&#8221;|||&#8221;][et_pb_text _builder_version=&#8221;4.16&#8243; header_font=&#8221;||||||||&#8221; header_2_font=&#8221;|300||||on|||&#8221; header_2_text_align=&#8221;center&#8221; header_2_font_size=&#8221;29px&#8221; header_2_letter_spacing=&#8221;2px&#8221; global_colors_info=&#8221;{}&#8221;]<\/p>\n<p style=\"text-align: center;\">Edizioni Ylaios (2021)<br \/>160 pagine<br \/>95 fotografie a colori<br \/>Stampa <em>Digigraphie<\/em> (29&#215;29 cm) inclusa nel cofanetto<br \/>Testi e fotografie di Stefano Unterthiner<br \/>Copertina rigida<br \/>Formato interno 28,5&#215;28,5 cm<br \/>Stampato su carta certificata FSC<br \/>In italiano<br \/>ISBN 978-88-904373-7-3<br \/><strong>Prezzo: 190 euro <\/strong>(la spedizione con corriere \u00e8 gratuita)<\/p>\n<p style=\"text-align: center;\"><strong><br \/><\/strong>ACQUISTA il cofanetto de <em>Un Mondo Diverso Limited Edition<\/em><\/p>\n<p>[\/et_pb_text][et_pb_code _builder_version=&#8221;4.16&#8243; global_colors_info=&#8221;{}&#8221;]<div class=\"wpsc_product\"><div class=\"wp_cart_button_wrapper\"><form method=\"post\" class=\"wp-cart-button-form\" action=\"\" style=\"display:inline\" onsubmit=\"return ReadForm(this, true);\" ><input type=\"hidden\" id=\"_wpnonce\" name=\"_wpnonce\" value=\"3f3eb3fa64\" \/><input type=\"hidden\" name=\"_wp_http_referer\" value=\"\/it\/wp-json\/wp\/v2\/pages\/2384\" \/><input type=\"submit\" class=\"wspsc_add_cart_submit\" name=\"wspsc_add_cart_submit\" value=\"1 copia | 190 euro\" \/><input type=\"hidden\" name=\"wspsc_product\" value=\"Un mondo diverso Limited Edition\" \/><input type=\"hidden\" name=\"price\" value=\"190\" \/><input type=\"hidden\" name=\"shipping\" value=\"0\" \/><input type=\"hidden\" name=\"addcart\" value=\"1\" \/><input type=\"hidden\" name=\"cartLink\" value=\"https:\/\/www.ylaios.com\/it\/wp-json\/wp\/v2\/pages\/2384\/\" \/><input type=\"hidden\" name=\"product_tmp\" value=\"Un mondo diverso Limited Edition\" \/><input type=\"hidden\" name=\"product_tmp_two\" value=\"Un mondo diverso Limited Edition\" \/><input type=\"hidden\" name=\"item_number\" value=\"\" \/><div class=\"wpsc_add_cart_response_div\"><\/div><\/form><\/div><\/div>[\/et_pb_code][\/et_pb_column][\/et_pb_row][\/et_pb_section]<\/p>\n","protected":false},"excerpt":{"rendered":"<p>Un mondo diverso [Limited edition] Una preziosa e imperdibile edizione dell&#8217;ultimo grande libro fotografico di Stefano Unterthiner. Un Mondo Diverso Limited Edition \u00e8 realizzata in 100 copie numerate e firmate da tutta la famiglia nell&#8217;Artico (Stefano, St\u00e9phanie, R\u00e9mi e Bahia). Al volume \u00e8 allegata la stampa fine art &#8220;La leggerezza delle sterne&#8221; a tiratura limitata [&hellip;]<\/p>\n","protected":false},"author":1,"featured_media":0,"parent":0,"menu_order":0,"comment_status":"closed","ping_status":"closed","template":"","meta":{"_et_pb_use_builder":"on","_et_pb_old_content":"","_et_gb_content_width":"","footnotes":""},"class_list":["post-2384","page","type-page","status-publish","hentry"],"yoast_head":"<!-- This site is optimized with the Yoast SEO plugin v27.3 - https:\/\/yoast.com\/product\/yoast-seo-wordpress\/ -->\n<title>Un mondo diverso Limited Edition - Ylaios<\/title>\n<meta name=\"robots\" content=\"index, follow, max-snippet:-1, max-image-preview:large, max-video-preview:-1\" \/>\n<link rel=\"canonical\" href=\"https:\/\/www.ylaios.com\/it\/un-mondo-diverso-limited-edition\/\" \/>\n<meta property=\"og:locale\" content=\"it_IT\" \/>\n<meta property=\"og:type\" content=\"article\" \/>\n<meta property=\"og:title\" content=\"Un mondo diverso Limited Edition - Ylaios\" \/>\n<meta property=\"og:description\" content=\"Un mondo diverso [Limited edition] Una preziosa e imperdibile edizione dell&#039;ultimo grande libro fotografico di Stefano Unterthiner. Un Mondo Diverso Limited Edition \u00e8 realizzata in 100 copie numerate e firmate da tutta la famiglia nell&#039;Artico (Stefano, St\u00e9phanie, R\u00e9mi e Bahia). Al volume \u00e8 allegata la stampa fine art &quot;La leggerezza delle sterne&quot; a tiratura limitata [&hellip;]\" \/>\n<meta property=\"og:url\" content=\"https:\/\/www.ylaios.com\/it\/un-mondo-diverso-limited-edition\/\" \/>\n<meta property=\"og:site_name\" content=\"Ylaios\" \/>\n<meta property=\"article:modified_time\" content=\"2025-10-18T06:01:02+00:00\" \/>\n<meta property=\"og:image\" content=\"https:\/\/www.ylaios.com\/wp-content\/uploads\/2021\/05\/Jacket_Limited-Edition_950px.jpg\" \/>\n\t<meta property=\"og:image:width\" content=\"950\" \/>\n\t<meta property=\"og:image:height\" content=\"932\" \/>\n\t<meta property=\"og:image:type\" content=\"image\/jpeg\" \/>\n<meta name=\"twitter:card\" content=\"summary_large_image\" \/>\n<meta name=\"twitter:label1\" content=\"Tempo di lettura stimato\" \/>\n\t<meta name=\"twitter:data1\" content=\"2 minuti\" \/>\n<script type=\"application\/ld+json\" class=\"yoast-schema-graph\">{\"@context\":\"https:\\\/\\\/schema.org\",\"@graph\":[{\"@type\":\"WebPage\",\"@id\":\"https:\\\/\\\/www.ylaios.com\\\/it\\\/un-mondo-diverso-limited-edition\\\/\",\"url\":\"https:\\\/\\\/www.ylaios.com\\\/it\\\/un-mondo-diverso-limited-edition\\\/\",\"name\":\"Un mondo diverso Limited Edition - Ylaios\",\"isPartOf\":{\"@id\":\"https:\\\/\\\/www.ylaios.com\\\/it\\\/#website\"},\"primaryImageOfPage\":{\"@id\":\"https:\\\/\\\/www.ylaios.com\\\/it\\\/un-mondo-diverso-limited-edition\\\/#primaryimage\"},\"image\":{\"@id\":\"https:\\\/\\\/www.ylaios.com\\\/it\\\/un-mondo-diverso-limited-edition\\\/#primaryimage\"},\"thumbnailUrl\":\"https:\\\/\\\/www.ylaios.com\\\/wp-content\\\/uploads\\\/2021\\\/05\\\/Jacket_Limited-Edition_950px.jpg\",\"datePublished\":\"2021-04-28T16:41:24+00:00\",\"dateModified\":\"2025-10-18T06:01:02+00:00\",\"breadcrumb\":{\"@id\":\"https:\\\/\\\/www.ylaios.com\\\/it\\\/un-mondo-diverso-limited-edition\\\/#breadcrumb\"},\"inLanguage\":\"it-IT\",\"potentialAction\":[{\"@type\":\"ReadAction\",\"target\":[\"https:\\\/\\\/www.ylaios.com\\\/it\\\/un-mondo-diverso-limited-edition\\\/\"]}]},{\"@type\":\"ImageObject\",\"inLanguage\":\"it-IT\",\"@id\":\"https:\\\/\\\/www.ylaios.com\\\/it\\\/un-mondo-diverso-limited-edition\\\/#primaryimage\",\"url\":\"https:\\\/\\\/www.ylaios.com\\\/wp-content\\\/uploads\\\/2021\\\/05\\\/Jacket_Limited-Edition_950px.jpg\",\"contentUrl\":\"https:\\\/\\\/www.ylaios.com\\\/wp-content\\\/uploads\\\/2021\\\/05\\\/Jacket_Limited-Edition_950px.jpg\"},{\"@type\":\"BreadcrumbList\",\"@id\":\"https:\\\/\\\/www.ylaios.com\\\/it\\\/un-mondo-diverso-limited-edition\\\/#breadcrumb\",\"itemListElement\":[{\"@type\":\"ListItem\",\"position\":1,\"name\":\"Home\",\"item\":\"https:\\\/\\\/www.ylaios.com\\\/it\\\/\"},{\"@type\":\"ListItem\",\"position\":2,\"name\":\"Un mondo diverso Limited Edition\"}]},{\"@type\":\"WebSite\",\"@id\":\"https:\\\/\\\/www.ylaios.com\\\/it\\\/#website\",\"url\":\"https:\\\/\\\/www.ylaios.com\\\/it\\\/\",\"name\":\"Ylaios\",\"description\":\"Ylaios Edizioni\",\"potentialAction\":[{\"@type\":\"SearchAction\",\"target\":{\"@type\":\"EntryPoint\",\"urlTemplate\":\"https:\\\/\\\/www.ylaios.com\\\/it\\\/?s={search_term_string}\"},\"query-input\":{\"@type\":\"PropertyValueSpecification\",\"valueRequired\":true,\"valueName\":\"search_term_string\"}}],\"inLanguage\":\"it-IT\"}]}<\/script>\n<!-- \/ Yoast SEO plugin. -->","yoast_head_json":{"title":"Un mondo diverso Limited Edition - Ylaios","robots":{"index":"index","follow":"follow","max-snippet":"max-snippet:-1","max-image-preview":"max-image-preview:large","max-video-preview":"max-video-preview:-1"},"canonical":"https:\/\/www.ylaios.com\/it\/un-mondo-diverso-limited-edition\/","og_locale":"it_IT","og_type":"article","og_title":"Un mondo diverso Limited Edition - Ylaios","og_description":"Un mondo diverso [Limited edition] Una preziosa e imperdibile edizione dell'ultimo grande libro fotografico di Stefano Unterthiner. Un Mondo Diverso Limited Edition \u00e8 realizzata in 100 copie numerate e firmate da tutta la famiglia nell'Artico (Stefano, St\u00e9phanie, R\u00e9mi e Bahia). Al volume \u00e8 allegata la stampa fine art \"La leggerezza delle sterne\" a tiratura limitata [&hellip;]","og_url":"https:\/\/www.ylaios.com\/it\/un-mondo-diverso-limited-edition\/","og_site_name":"Ylaios","article_modified_time":"2025-10-18T06:01:02+00:00","og_image":[{"width":950,"height":932,"url":"https:\/\/www.ylaios.com\/wp-content\/uploads\/2021\/05\/Jacket_Limited-Edition_950px.jpg","type":"image\/jpeg"}],"twitter_card":"summary_large_image","twitter_misc":{"Tempo di lettura stimato":"2 minuti"},"schema":{"@context":"https:\/\/schema.org","@graph":[{"@type":"WebPage","@id":"https:\/\/www.ylaios.com\/it\/un-mondo-diverso-limited-edition\/","url":"https:\/\/www.ylaios.com\/it\/un-mondo-diverso-limited-edition\/","name":"Un mondo diverso Limited Edition - Ylaios","isPartOf":{"@id":"https:\/\/www.ylaios.com\/it\/#website"},"primaryImageOfPage":{"@id":"https:\/\/www.ylaios.com\/it\/un-mondo-diverso-limited-edition\/#primaryimage"},"image":{"@id":"https:\/\/www.ylaios.com\/it\/un-mondo-diverso-limited-edition\/#primaryimage"},"thumbnailUrl":"https:\/\/www.ylaios.com\/wp-content\/uploads\/2021\/05\/Jacket_Limited-Edition_950px.jpg","datePublished":"2021-04-28T16:41:24+00:00","dateModified":"2025-10-18T06:01:02+00:00","breadcrumb":{"@id":"https:\/\/www.ylaios.com\/it\/un-mondo-diverso-limited-edition\/#breadcrumb"},"inLanguage":"it-IT","potentialAction":[{"@type":"ReadAction","target":["https:\/\/www.ylaios.com\/it\/un-mondo-diverso-limited-edition\/"]}]},{"@type":"ImageObject","inLanguage":"it-IT","@id":"https:\/\/www.ylaios.com\/it\/un-mondo-diverso-limited-edition\/#primaryimage","url":"https:\/\/www.ylaios.com\/wp-content\/uploads\/2021\/05\/Jacket_Limited-Edition_950px.jpg","contentUrl":"https:\/\/www.ylaios.com\/wp-content\/uploads\/2021\/05\/Jacket_Limited-Edition_950px.jpg"},{"@type":"BreadcrumbList","@id":"https:\/\/www.ylaios.com\/it\/un-mondo-diverso-limited-edition\/#breadcrumb","itemListElement":[{"@type":"ListItem","position":1,"name":"Home","item":"https:\/\/www.ylaios.com\/it\/"},{"@type":"ListItem","position":2,"name":"Un mondo diverso Limited Edition"}]},{"@type":"WebSite","@id":"https:\/\/www.ylaios.com\/it\/#website","url":"https:\/\/www.ylaios.com\/it\/","name":"Ylaios","description":"Ylaios Edizioni","potentialAction":[{"@type":"SearchAction","target":{"@type":"EntryPoint","urlTemplate":"https:\/\/www.ylaios.com\/it\/?s={search_term_string}"},"query-input":{"@type":"PropertyValueSpecification","valueRequired":true,"valueName":"search_term_string"}}],"inLanguage":"it-IT"}]}},"_links":{"self":[{"href":"https:\/\/www.ylaios.com\/it\/wp-json\/wp\/v2\/pages\/2384","targetHints":{"allow":["GET"]}}],"collection":[{"href":"https:\/\/www.ylaios.com\/it\/wp-json\/wp\/v2\/pages"}],"about":[{"href":"https:\/\/www.ylaios.com\/it\/wp-json\/wp\/v2\/types\/page"}],"author":[{"embeddable":true,"href":"https:\/\/www.ylaios.com\/it\/wp-json\/wp\/v2\/users\/1"}],"replies":[{"embeddable":true,"href":"https:\/\/www.ylaios.com\/it\/wp-json\/wp\/v2\/comments?post=2384"}],"version-history":[{"count":32,"href":"https:\/\/www.ylaios.com\/it\/wp-json\/wp\/v2\/pages\/2384\/revisions"}],"predecessor-version":[{"id":3774,"href":"https:\/\/www.ylaios.com\/it\/wp-json\/wp\/v2\/pages\/2384\/revisions\/3774"}],"wp:attachment":[{"href":"https:\/\/www.ylaios.com\/it\/wp-json\/wp\/v2\/media?parent=2384"}],"curies":[{"name":"wp","href":"https:\/\/api.w.org\/{rel}","templated":true}]}}